{"id":25,"date":"2022-06-30T15:27:31","date_gmt":"2022-06-30T15:27:31","guid":{"rendered":"https:\/\/www.piese-auto-mangalia.ro\/?page_id=25"},"modified":"2023-07-16T10:57:36","modified_gmt":"2023-07-16T10:57:36","slug":"hompage","status":"publish","type":"page","link":"https:\/\/www.piese-auto-mangalia.ro\/","title":{"rendered":"Home Page"},"content":{"rendered":"<div id=\"skt-builder-image-slider-block-239\" class=\"skt-builder-block-wrapper skt-builder-image-slider-block skt-builder-image-slider-block-239\" style=\"background-color: #ffffff; background-image: url(); padding-bottom: 70px; padding-top: 0px; \">\r\n\t<div class=\"skt-builder-block-inner skt-builder-block-inner-239\" style=\"\">\r\n\t\t<div class=\"skt-builder-container\">\r\n\t\t\t\t<div class=\"skt-builder-block-title\">\r\n\t\t\t\t\t<h2 style=\"color: #282828; text-align: left;\">slider<\/h2>\r\n\t\t\t\t<\/div>\r\n                <div class=\"skt-builder-block-description\"><p><br><\/p><\/div>\r\n\t\t\t<style>\r\n\t\t\t\t.skt-builder-carousel.owl-carousel-239 .owl-nav{font-size: 40px; text-align: right;}\r\n\t\t\t\t.skt-builder-carousel.owl-carousel-239 .owl-prev{color: #000000 !important; margin-right: 15px;}\r\n\t\t\t\t.skt-builder-carousel.owl-carousel-239 .owl-next{color: #000000 !important;}\r\n\t\t\t\t.skt-builder-carousel.owl-carousel-239 .owl-prev:hover, .skt-builder-carousel.owl-carousel-239 .owl-next:hover{color: #A2A2A2 !important;}\r\n\t\t\t\t.skt-builder-carousel.owl-carousel-239 .owl-dots{text-align: center;}\r\n\t\t\t\t.skt-builder-carousel.owl-carousel-239 .owl-dots .owl-dot{background-color: #FFFFFF; border-color: #000000;}\r\n\t\t\t\t.skt-builder-carousel.owl-carousel-239 .owl-dots .owl-dot.active{background-color: #000000; border-color: #000000;}\r\n\t\t\t<\/style>\r\n\t\t\t<div class=\"skt-builder-carousel skt-builder-carousel-bullets-style1 owl-carousel-builder owl-carousel-239\" >\r\n\t\t\t\t\t<div class=\"item\">\r\n\t\t\t\t\t\t\t<style>.skt-builder-carousel .skt-builder-carousel-content-666 .skt-builder-carousel-button:hover{background-color: #A2A2A2 !important; color: #FFFFFF !important;}<\/style>\r\n\t\t\t\t\t\t\t<div class=\"skt-builder-carousel-content skt-builder-carousel-content-666\" style=\"text-align: right;\">\r\n\t\t\t\t\t\t\t\t<h2 class=\"skt-builder-carousel-title\" style=\"color: #FFFFFF;\">Piese-Auto-Mangalia<\/h2>\r\n\t\t\t\t\t\t\t\t<div class=\"skt-builder-carousel-description\" style=\"color: #FFFFFF;\"><p><span style=\"color: rgb(255, 194, 102);\">\u00cencep\u00e2nd din 1992:<\/span><\/p><h3><span style=\"color: rgb(255, 194, 102);\">Calitate, Seriozitate, Promptitudine! #PieseAutoMangalia.<\/span><\/h3><h4><span style=\"color: rgb(255, 255, 0);\">Pentru Urgen\u021be AUTO, suna\u021bi aici:<\/span>&nbsp; <a href=\"https:\/\/wa.me\/+40747338310\" target=\"_blank\" style=\"color: rgb(102, 163, 224);\" rel=\"noopener\">+40747338310<\/a><\/h4><\/div>\r\n\t\t\t\t\t\t\t\t<a class=\"skt-builder-carousel-button\" href=\"#\"  style=\"background-color: #282828; color: #FFFFFF;\">Read More<\/a>\r\n\t\t\t\t\t\t\t<\/div>\r\n\t\t\t\t\t\t\t<img src=\"https:\/\/www.piese-auto-mangalia.ro\/wp-content\/uploads\/2022\/08\/slider-1.jpg\">\r\n\t\t\t\t\t\t\t<div class=\"skt-builder-carousel-overlay\" style=\"background-color: rgba(0,0,0,0.5);\"><\/div>\r\n\t\t\t\t\t<\/div>\r\n\t\t\t\t\t<div class=\"item\">\r\n\t\t\t\t\t\t\t<style>.skt-builder-carousel .skt-builder-carousel-content-980 .skt-builder-carousel-button:hover{background-color: #A2A2A2 !important; color: #FFFFFF !important;}<\/style>\r\n\t\t\t\t\t\t\t<div class=\"skt-builder-carousel-content skt-builder-carousel-content-980\" style=\"text-align: left;\">\r\n\t\t\t\t\t\t\t\t<h2 class=\"skt-builder-carousel-title\" style=\"color: #FFFFFF;\">Piese-Auto-Mangalia<\/h2>\r\n\t\t\t\t\t\t\t\t<div class=\"skt-builder-carousel-description\" style=\"color: #FFFFFF;\"><p><span style=\"color: rgb(255, 255, 0);\">\u00cen Mangalia, la sens, l\u00e2ng\u0103 Casa Tineretului.<\/span><\/p><p><span style=\"color: rgb(255, 194, 102);\">Deschis, de Luni p\u00e2n\u0103 Vineri, \u00eentre orele 8:30-18:00,<\/span><\/p><p><span style=\"color: rgb(255, 194, 102);\">iar S\u00e2mb\u0103ta, de la 8:30-14:00.<\/span><\/p><p><span style=\"color: rgb(255, 255, 0);\">Piese Auto Import si accesorii originale si de produc\u0103tor, din stoc si la comand\u0103.<\/span><\/p><p><span style=\"color: rgb(255, 255, 0);\">Pentru Urgen\u021be AUTO, suna\u021bi aici:<\/span>&nbsp;<a href=\"https:\/\/wa.me\/+40747338310\" target=\"_blank\" style=\"color: rgb(102, 163, 224);\" rel=\"noopener\">+40747338310<\/a><\/p><\/div>\r\n\t\t\t\t\t\t\t\t<a class=\"skt-builder-carousel-button\" href=\"#\"  style=\"background-color: #282828; color: #FFFFFF;\">Read More<\/a>\r\n\t\t\t\t\t\t\t<\/div>\r\n\t\t\t\t\t\t\t<img src=\"https:\/\/www.piese-auto-mangalia.ro\/wp-content\/uploads\/2022\/08\/slider-2.jpg\">\r\n\t\t\t\t\t\t\t<div class=\"skt-builder-carousel-overlay\" style=\"background-color: rgba(0,0,0,0.5);\"><\/div>\r\n\t\t\t\t\t<\/div>\r\n\t\t\t\t\t<div class=\"item\">\r\n\t\t\t\t\t\t\t<style>.skt-builder-carousel .skt-builder-carousel-content-710 .skt-builder-carousel-button:hover{background-color: #A2A2A2 !important; color: #FFFFFF !important;}<\/style>\r\n\t\t\t\t\t\t\t<div class=\"skt-builder-carousel-content skt-builder-carousel-content-710\" style=\"text-align: right;\">\r\n\t\t\t\t\t\t\t\t<h2 class=\"skt-builder-carousel-title\" style=\"color: #FFFFFF;\">Piese-Auto-Mangalia<\/h2>\r\n\t\t\t\t\t\t\t\t<div class=\"skt-builder-carousel-description\" style=\"color: #FFFFFF;\"><p class=\"ql-align-right\"><span style=\"color: rgb(255, 194, 102);\">La magazinul specializat de&nbsp;<\/span><strong style=\"color: rgb(255, 194, 102);\">PIESE AUTO si ACCESORII<\/strong><span style=\"color: rgb(255, 194, 102);\">&nbsp;al firmei&nbsp;Triada Co Ltd, din Mangalia, situat l\u00e2ng\u0103 Casa Tineretului, pe str. Matei Basarab, nr.2, bloc T1, parter, pute\u021bi&nbsp;g\u0103si reperele necesare autoturismului dumneavoastr\u0103.<\/span><\/p><p class=\"ql-align-right\"><span style=\"color: rgb(255, 255, 0);\">Pentru Urgen\u021be AUTO, suna\u021bi aici:<\/span>&nbsp;<a href=\"https:\/\/wa.me\/+40747338310\" target=\"_blank\" style=\"color: rgb(102, 163, 224);\" rel=\"noopener\">+40747338310<\/a><\/p><p class=\"ql-align-right\"><span style=\"color: rgb(255, 255, 0);\">Ne g\u0103si\u021bi \u0219i pe <\/span><a href=\"https:\/\/www.facebook.com\/pieseautomangalia\" target=\"_blank\" style=\"color: rgb(102, 163, 224);\" rel=\"noopener\">Facebook<\/a><\/p><\/div>\r\n\t\t\t\t\t\t\t\t<a class=\"skt-builder-carousel-button\" href=\"#\"  style=\"background-color: #282828; color: #FFFFFF;\">Read More<\/a>\r\n\t\t\t\t\t\t\t<\/div>\r\n\t\t\t\t\t\t\t<img src=\"https:\/\/www.piese-auto-mangalia.ro\/wp-content\/uploads\/2022\/08\/slider-3.jpg\">\r\n\t\t\t\t\t\t\t<div class=\"skt-builder-carousel-overlay\" style=\"background-color: rgba(0,0,0,0.5);\"><\/div>\r\n\t\t\t\t\t<\/div>\r\n\t\t\t<\/div>\r\n\t\t<\/div>\r\n\t<\/div>\r\n<\/div>\r\n\r\n<script>\r\njQuery(document).ready(function() {\r\n  jQuery('.owl-carousel-239').owlCarousel({\r\n\tmargin: 0,\r\n\tautoplayTimeout: 5500,\r\n\tsmartSpeed: 2500,\r\n\tloop: true,\r\n\tautoplay: true,\r\n\tautoplayHoverPause: true,\r\n\tnav: false,\r\n\tdots: true,\r\n\tnavText: ['<span class=\"fa fa-angle-left\"><\/span>','<span class=\"fa fa-angle-right\"><\/span>'],\r\n\tresponsiveClass: true,\r\n\tresponsive:{\r\n        0:{\r\n            items: 1,\r\n        },\r\n        600:{\r\n            items: 1,\r\n        },\r\n        1000:{\r\n            items: 1,\r\n        }\r\n    }\r\n  });\r\n});\r\n<\/script><div id=\"skt-builder-logo-carousel-block-424\" class=\"skt-builder-block-wrapper skt-builder-logo-carousel-block skt-builder-logo-carousel-block-424\" style=\"background-color: #ffffff; background-image: url(); padding-bottom: 50px; padding-top: 0px; \">\r\n\t<div class=\"skt-builder-block-inner skt-builder-block-inner-424\" style=\"\">\r\n\t\t<div class=\"skt-builder-container\">\r\n                <div class=\"skt-builder-block-description\"><p><br><\/p><\/div>\r\n\t\t\t<style>\r\n\t\t\t\t.skt-builder-carousel.owl-carousel-424 .owl-nav{font-size: 40px; text-align: right;}\r\n\t\t\t\t.skt-builder-carousel.owl-carousel-424 .owl-prev{color: #000000 !important; margin-right: 15px;}\r\n\t\t\t\t.skt-builder-carousel.owl-carousel-424 .owl-next{color: #000000 !important;}\r\n\t\t\t\t.skt-builder-carousel.owl-carousel-424 .owl-prev:hover, .skt-builder-carousel.owl-carousel-424 .owl-next:hover{color: #A2A2A2 !important;}\r\n\t\t\t\t.skt-builder-carousel.owl-carousel-424 .owl-dots{text-align: center;}\r\n\t\t\t\t.skt-builder-carousel.owl-carousel-424 .owl-dots .owl-dot{background-color: #FFFFFF; border-color: #000000;}\r\n\t\t\t\t.skt-builder-carousel.owl-carousel-424 .owl-dots .owl-dot.active{background-color: #000000; border-color: #000000;}\r\n\t\t\t<\/style>\r\n\t\t\t<div class=\"skt-builder-carousel skt-builder-carousel-bullets-style1 owl-carousel-builder owl-carousel-424\" >\r\n\t\t\t\t\t<div class=\"item\">\r\n\t\t\t\t\t\t\t\r\n\t\t\t\t\t\t\t<img src=\"https:\/\/www.piese-auto-mangalia.ro\/wp-content\/uploads\/2022\/07\/zf-sachs-1.png\">\r\n\t\t\t\t\t\t\t\r\n\t\t\t\t\t<\/div>\r\n\t\t\t\t\t<div class=\"item\">\r\n\t\t\t\t\t\t\t\r\n\t\t\t\t\t\t\t<img src=\"https:\/\/www.piese-auto-mangalia.ro\/wp-content\/uploads\/2022\/07\/varta.png\">\r\n\t\t\t\t\t\t\t\r\n\t\t\t\t\t<\/div>\r\n\t\t\t\t\t<div class=\"item\">\r\n\t\t\t\t\t\t\t\r\n\t\t\t\t\t\t\t<img src=\"https:\/\/www.piese-auto-mangalia.ro\/wp-content\/uploads\/2022\/07\/vdo.png\">\r\n\t\t\t\t\t\t\t\r\n\t\t\t\t\t<\/div>\r\n\t\t\t\t\t<div class=\"item\">\r\n\t\t\t\t\t\t\t\r\n\t\t\t\t\t\t\t<img src=\"https:\/\/www.piese-auto-mangalia.ro\/wp-content\/uploads\/2022\/07\/valeo.png\">\r\n\t\t\t\t\t\t\t\r\n\t\t\t\t\t<\/div>\r\n\t\t\t\t\t<div class=\"item\">\r\n\t\t\t\t\t\t\t\r\n\t\t\t\t\t\t\t<img src=\"https:\/\/www.piese-auto-mangalia.ro\/wp-content\/uploads\/2022\/07\/spidan-1.png\">\r\n\t\t\t\t\t\t\t\r\n\t\t\t\t\t<\/div>\r\n\t\t\t\t\t<div class=\"item\">\r\n\t\t\t\t\t\t\t\r\n\t\t\t\t\t\t\t<img src=\"https:\/\/www.piese-auto-mangalia.ro\/wp-content\/uploads\/2022\/07\/pirelli.png\">\r\n\t\t\t\t\t\t\t\r\n\t\t\t\t\t<\/div>\r\n\t\t\t\t\t<div class=\"item\">\r\n\t\t\t\t\t\t\t\r\n\t\t\t\t\t\t\t<img src=\"https:\/\/www.piese-auto-mangalia.ro\/wp-content\/uploads\/2022\/07\/skf.png\">\r\n\t\t\t\t\t\t\t\r\n\t\t\t\t\t<\/div>\r\n\t\t\t\t\t<div class=\"item\">\r\n\t\t\t\t\t\t\t\r\n\t\t\t\t\t\t\t<img src=\"https:\/\/www.piese-auto-mangalia.ro\/wp-content\/uploads\/2022\/07\/philips-1.png\">\r\n\t\t\t\t\t\t\t\r\n\t\t\t\t\t<\/div>\r\n\t\t\t\t\t<div class=\"item\">\r\n\t\t\t\t\t\t\t\r\n\t\t\t\t\t\t\t<img src=\"https:\/\/www.piese-auto-mangalia.ro\/wp-content\/uploads\/2022\/07\/payen-1.png\">\r\n\t\t\t\t\t\t\t\r\n\t\t\t\t\t<\/div>\r\n\t\t\t\t\t<div class=\"item\">\r\n\t\t\t\t\t\t\t\r\n\t\t\t\t\t\t\t<img src=\"https:\/\/www.piese-auto-mangalia.ro\/wp-content\/uploads\/2022\/07\/nipparts-1.png\">\r\n\t\t\t\t\t\t\t\r\n\t\t\t\t\t<\/div>\r\n\t\t\t\t\t<div class=\"item\">\r\n\t\t\t\t\t\t\t\r\n\t\t\t\t\t\t\t<img src=\"https:\/\/www.piese-auto-mangalia.ro\/wp-content\/uploads\/2022\/07\/mobil-1.png\">\r\n\t\t\t\t\t\t\t\r\n\t\t\t\t\t<\/div>\r\n\t\t\t\t\t<div class=\"item\">\r\n\t\t\t\t\t\t\t\r\n\t\t\t\t\t\t\t<img src=\"https:\/\/www.piese-auto-mangalia.ro\/wp-content\/uploads\/2022\/07\/moog-chassis-parts.png\">\r\n\t\t\t\t\t\t\t\r\n\t\t\t\t\t<\/div>\r\n\t\t\t\t\t<div class=\"item\">\r\n\t\t\t\t\t\t\t\r\n\t\t\t\t\t\t\t<img src=\"https:\/\/www.piese-auto-mangalia.ro\/wp-content\/uploads\/2022\/07\/michelin-1.png\">\r\n\t\t\t\t\t\t\t\r\n\t\t\t\t\t<\/div>\r\n\t\t\t\t\t<div class=\"item\">\r\n\t\t\t\t\t\t\t\r\n\t\t\t\t\t\t\t<img src=\"https:\/\/www.piese-auto-mangalia.ro\/wp-content\/uploads\/2022\/07\/mann-filter-1.png\">\r\n\t\t\t\t\t\t\t\r\n\t\t\t\t\t<\/div>\r\n\t\t\t\t\t<div class=\"item\">\r\n\t\t\t\t\t\t\t\r\n\t\t\t\t\t\t\t<img src=\"https:\/\/www.piese-auto-mangalia.ro\/wp-content\/uploads\/2022\/07\/luk.png\">\r\n\t\t\t\t\t\t\t\r\n\t\t\t\t\t<\/div>\r\n\t\t\t\t\t<div class=\"item\">\r\n\t\t\t\t\t\t\t\r\n\t\t\t\t\t\t\t<img src=\"https:\/\/www.piese-auto-mangalia.ro\/wp-content\/uploads\/2022\/07\/hella-1.png\">\r\n\t\t\t\t\t\t\t\r\n\t\t\t\t\t<\/div>\r\n\t\t\t\t\t<div class=\"item\">\r\n\t\t\t\t\t\t\t\r\n\t\t\t\t\t\t\t<img src=\"https:\/\/www.piese-auto-mangalia.ro\/wp-content\/uploads\/2022\/07\/hepu.png\">\r\n\t\t\t\t\t\t\t\r\n\t\t\t\t\t<\/div>\r\n\t\t\t\t\t<div class=\"item\">\r\n\t\t\t\t\t\t\t\r\n\t\t\t\t\t\t\t<img src=\"https:\/\/www.piese-auto-mangalia.ro\/wp-content\/uploads\/2022\/07\/karcher.png\">\r\n\t\t\t\t\t\t\t\r\n\t\t\t\t\t<\/div>\r\n\t\t\t\t\t<div class=\"item\">\r\n\t\t\t\t\t\t\t\r\n\t\t\t\t\t\t\t<img src=\"https:\/\/www.piese-auto-mangalia.ro\/wp-content\/uploads\/2022\/07\/goodyear.png\">\r\n\t\t\t\t\t\t\t\r\n\t\t\t\t\t<\/div>\r\n\t\t\t\t\t<div class=\"item\">\r\n\t\t\t\t\t\t\t\r\n\t\t\t\t\t\t\t<img src=\"https:\/\/www.piese-auto-mangalia.ro\/wp-content\/uploads\/2022\/07\/goetze-1.png\">\r\n\t\t\t\t\t\t\t\r\n\t\t\t\t\t<\/div>\r\n\t\t\t\t\t<div class=\"item\">\r\n\t\t\t\t\t\t\t\r\n\t\t\t\t\t\t\t<img src=\"https:\/\/www.piese-auto-mangalia.ro\/wp-content\/uploads\/2022\/07\/gates-1.png\">\r\n\t\t\t\t\t\t\t\r\n\t\t\t\t\t<\/div>\r\n\t\t\t\t\t<div class=\"item\">\r\n\t\t\t\t\t\t\t\r\n\t\t\t\t\t\t\t<img src=\"https:\/\/www.piese-auto-mangalia.ro\/wp-content\/uploads\/2022\/07\/glyco.png\">\r\n\t\t\t\t\t\t\t\r\n\t\t\t\t\t<\/div>\r\n\t\t\t\t\t<div class=\"item\">\r\n\t\t\t\t\t\t\t\r\n\t\t\t\t\t\t\t<img src=\"https:\/\/www.piese-auto-mangalia.ro\/wp-content\/uploads\/2022\/07\/facet-1.png\">\r\n\t\t\t\t\t\t\t\r\n\t\t\t\t\t<\/div>\r\n\t\t\t\t\t<div class=\"item\">\r\n\t\t\t\t\t\t\t\r\n\t\t\t\t\t\t\t<img src=\"https:\/\/www.piese-auto-mangalia.ro\/wp-content\/uploads\/2022\/07\/fag.png\">\r\n\t\t\t\t\t\t\t\r\n\t\t\t\t\t<\/div>\r\n\t\t\t\t\t<div class=\"item\">\r\n\t\t\t\t\t\t\t\r\n\t\t\t\t\t\t\t<img src=\"https:\/\/www.piese-auto-mangalia.ro\/wp-content\/uploads\/2022\/07\/febi-bilstein.png\">\r\n\t\t\t\t\t\t\t\r\n\t\t\t\t\t<\/div>\r\n\t\t\t\t\t<div class=\"item\">\r\n\t\t\t\t\t\t\t\r\n\t\t\t\t\t\t\t<img src=\"https:\/\/www.piese-auto-mangalia.ro\/wp-content\/uploads\/2022\/07\/ernst.png\">\r\n\t\t\t\t\t\t\t\r\n\t\t\t\t\t<\/div>\r\n\t\t\t\t\t<div class=\"item\">\r\n\t\t\t\t\t\t\t\r\n\t\t\t\t\t\t\t<img src=\"https:\/\/www.piese-auto-mangalia.ro\/wp-content\/uploads\/2022\/07\/elf-1.png\">\r\n\t\t\t\t\t\t\t\r\n\t\t\t\t\t<\/div>\r\n\t\t\t\t\t<div class=\"item\">\r\n\t\t\t\t\t\t\t\r\n\t\t\t\t\t\t\t<img src=\"https:\/\/www.piese-auto-mangalia.ro\/wp-content\/uploads\/2022\/07\/castrol-1.png\">\r\n\t\t\t\t\t\t\t\r\n\t\t\t\t\t<\/div>\r\n\t\t\t\t\t<div class=\"item\">\r\n\t\t\t\t\t\t\t\r\n\t\t\t\t\t\t\t<img src=\"https:\/\/www.piese-auto-mangalia.ro\/wp-content\/uploads\/2022\/07\/continental.png\">\r\n\t\t\t\t\t\t\t\r\n\t\t\t\t\t<\/div>\r\n\t\t\t\t\t<div class=\"item\">\r\n\t\t\t\t\t\t\t\r\n\t\t\t\t\t\t\t<img src=\"https:\/\/www.piese-auto-mangalia.ro\/wp-content\/uploads\/2022\/07\/dunlop.png\">\r\n\t\t\t\t\t\t\t\r\n\t\t\t\t\t<\/div>\r\n\t\t\t\t\t<div class=\"item\">\r\n\t\t\t\t\t\t\t\r\n\t\t\t\t\t\t\t<img src=\"https:\/\/www.piese-auto-mangalia.ro\/wp-content\/uploads\/2022\/07\/bosch-automotive.png\">\r\n\t\t\t\t\t\t\t\r\n\t\t\t\t\t<\/div>\r\n\t\t\t\t\t<div class=\"item\">\r\n\t\t\t\t\t\t\t\r\n\t\t\t\t\t\t\t<img src=\"https:\/\/www.piese-auto-mangalia.ro\/wp-content\/uploads\/2022\/07\/boge-1.png\">\r\n\t\t\t\t\t\t\t\r\n\t\t\t\t\t<\/div>\r\n\t\t\t\t\t<div class=\"item\">\r\n\t\t\t\t\t\t\t\r\n\t\t\t\t\t\t\t<img src=\"https:\/\/www.piese-auto-mangalia.ro\/wp-content\/uploads\/2022\/07\/bf-goodrich-tires.png\">\r\n\t\t\t\t\t\t\t\r\n\t\t\t\t\t<\/div>\r\n\t\t\t\t\t<div class=\"item\">\r\n\t\t\t\t\t\t\t\r\n\t\t\t\t\t\t\t<img src=\"https:\/\/www.piese-auto-mangalia.ro\/wp-content\/uploads\/2022\/07\/airtex-1.png\">\r\n\t\t\t\t\t\t\t\r\n\t\t\t\t\t<\/div>\r\n\t\t\t\t\t<div class=\"item\">\r\n\t\t\t\t\t\t\t\r\n\t\t\t\t\t\t\t<img src=\"https:\/\/www.piese-auto-mangalia.ro\/wp-content\/uploads\/2022\/07\/aral.png\">\r\n\t\t\t\t\t\t\t\r\n\t\t\t\t\t<\/div>\r\n\t\t\t<\/div>\r\n\t\t<\/div>\r\n\t<\/div>\r\n<\/div>\r\n\r\n<script>\r\njQuery(document).ready(function() {\r\n  jQuery('.owl-carousel-424').owlCarousel({\r\n\tmargin: 20,\r\n\tautoplayTimeout: 3000,\r\n\tsmartSpeed: 500,\r\n\tloop: true,\r\n\tautoplay: true,\r\n\tautoplayHoverPause: true,\r\n\tnav: false,\r\n\tdots: false,\r\n\tnavText: ['<span class=\"fa fa-angle-left\"><\/span>','<span class=\"fa fa-angle-right\"><\/span>'],\r\n\tresponsiveClass: true,\r\n\tresponsive:{\r\n        0:{\r\n            items: 2,\r\n        },\r\n        600:{\r\n            items: 3,\r\n        },\r\n        1000:{\r\n            items: 6,\r\n        }\r\n    }\r\n  });\r\n});\r\n<\/script>    <!-- sktbuilder starter --><script type=\"text\/javascript\" src=\"https:\/\/www.piese-auto-mangalia.ro\/wp-content\/plugins\/skt-builder\/sktbuilder\/sktbuilder-frontend-starter.js\"><\/script><script type=\"text\/javascript\" src=\"https:\/\/www.piese-auto-mangalia.ro\/wp-content\/plugins\/skt-builder\/sktbuilder-wordpress-driver.js\"><\/script><script type=\"text\/javascript\"> var starter = new SktbuilderStarter({\"mode\": \"prod\", \"skip\":[\"jquery\",\"underscore\",\"backbone\"],\"sktbuilderUrl\": \"https:\/\/www.piese-auto-mangalia.ro\/wp-content\/plugins\/skt-builder\/sktbuilder\/\", \"driver\": new SktbuilderWordpressDriver({\"ajaxUrl\": \"https:\/\/www.piese-auto-mangalia.ro\/wp-admin\/admin-ajax.php\", \"iframeUrl\": \"https:\/\/www.piese-auto-mangalia.ro\/?sktbuilder=true\", \"pageId\": 25, \"pages\": [{\"title\":\"Despre noi\",\"url\":\"https:\\\/\\\/www.piese-auto-mangalia.ro\\\/wp-admin\\\/post.php?post=7&action=sktbuilder\"},{\"title\":\"Parteneri\",\"url\":\"https:\\\/\\\/www.piese-auto-mangalia.ro\\\/wp-admin\\\/post.php?post=8&action=sktbuilder\"},{\"title\":\"Contact\",\"url\":\"https:\\\/\\\/www.piese-auto-mangalia.ro\\\/wp-admin\\\/post.php?post=10&action=sktbuilder\"},{\"title\":\"Stiri\",\"url\":\"https:\\\/\\\/www.piese-auto-mangalia.ro\\\/wp-admin\\\/post.php?post=11&action=sktbuilder\"}], \"page\": \"Home Page\" }) });<\/script><!-- end sktbuilder starter -->","protected":false},"excerpt":{"rendered":"<p>slider Piese-Auto-Mangalia \u00cencep\u00e2nd din 1992:Calitate, Seriozitate, Promptitudine! #PieseAutoMangalia.Pentru Urgen\u021be AUTO, suna\u021bi aici:&nbsp; +40747338310 Read More Piese-Auto-Mangalia \u00cen Mangalia, la sens, l\u00e2ng\u0103 [&hellip;]<\/p>\n","protected":false},"author":1,"featured_media":0,"parent":0,"menu_order":0,"comment_status":"closed","ping_status":"closed","template":"templates\/builder-fullwidth-gb.php","meta":[],"featured_image_src":false,"featured_image_src_square":false,"rbea_author_info":{"display_name":"admin","author_link":"https:\/\/www.piese-auto-mangalia.ro\/?author=1"},"rbea_excerpt_info":"slider Piese-Auto-Mangalia \u00cencep\u00e2nd din 1992:Calitate, Seriozitate, Promptitudine! #PieseAutoMangalia.Pentru Urgen\u021be AUTO, suna\u021bi aici:&nbsp; +40747338310 Read More Piese-Auto-Mangalia \u00cen Mangalia, la sens, l\u00e2ng\u0103 [&hellip;]","_links":{"self":[{"href":"https:\/\/www.piese-auto-mangalia.ro\/index.php?rest_route=\/wp\/v2\/pages\/25"}],"collection":[{"href":"https:\/\/www.piese-auto-mangalia.ro\/index.php?rest_route=\/wp\/v2\/pages"}],"about":[{"href":"https:\/\/www.piese-auto-mangalia.ro\/index.php?rest_route=\/wp\/v2\/types\/page"}],"author":[{"embeddable":true,"href":"https:\/\/www.piese-auto-mangalia.ro\/index.php?rest_route=\/wp\/v2\/users\/1"}],"replies":[{"embeddable":true,"href":"https:\/\/www.piese-auto-mangalia.ro\/index.php?rest_route=%2Fwp%2Fv2%2Fcomments&post=25"}],"version-history":[{"count":80,"href":"https:\/\/www.piese-auto-mangalia.ro\/index.php?rest_route=\/wp\/v2\/pages\/25\/revisions"}],"predecessor-version":[{"id":749,"href":"https:\/\/www.piese-auto-mangalia.ro\/index.php?rest_route=\/wp\/v2\/pages\/25\/revisions\/749"}],"wp:attachment":[{"href":"https:\/\/www.piese-auto-mangalia.ro\/index.php?rest_route=%2Fwp%2Fv2%2Fmedia&parent=25"}],"curies":[{"name":"wp","href":"https:\/\/api.w.org\/{rel}","templated":true}]}}